{"id":48,"date":"2024-03-03T18:18:42","date_gmt":"2024-03-03T17:18:42","guid":{"rendered":"https:\/\/melanie-joubert-photos.com\/?page_id=48"},"modified":"2024-03-03T18:18:42","modified_gmt":"2024-03-03T17:18:42","slug":"mentions-legales","status":"publish","type":"page","link":"https:\/\/melanie-joubert-photos.com\/index.php\/mentions-legales\/","title":{"rendered":"Mentions l\u00e9gales"},"content":{"rendered":"\n<p>M\u00e9lanie Joubert Photos<br>29100 DOUARNENEZ<br><\/p>\n\n\n\n<p><strong>Directeur de la publication :<\/strong> M\u00e9lanie Joubert<\/p>\n\n\n\n<p>R\u00e9alisation : El\u00e9onore Taupin<\/p>\n\n\n\n<p>H\u00e9bergement : OVH<br>08 203 203 63<\/p>\n\n\n\n<p><strong>Donn\u00e9es personnelles<\/strong><br>Conform\u00e9ment aux dispositions de la Loi Informatique et Libert\u00e9s du 6 janvier 1978, vous b\u00e9n\u00e9ficiez d\u2019un droit d\u2019acc\u00e8s, de rectification ou d\u2019opposition sur les donn\u00e9es nominatives collect\u00e9es vous concernant. Ces droits peuvent \u00eatre exerc\u00e9s en nous contactant \u00e0 l\u2019adresse suivante : contact@melanie-joubert-photos.com.<\/p>\n\n\n\n<p><strong>Propri\u00e9t\u00e9 intellectuelle<\/strong><br>Toute reproduction ou repr\u00e9sentation totale ou partielle, par quelque proc\u00e9d\u00e9 que ce soit, de ce site, des logos, des images pouvant y figurer est interdite sans l\u2019autorisation expresse de M\u00e9lanie Joubert Photos.<\/p>\n\n\n\n<p><strong>Droits d\u2019auteur<\/strong><br>Toutes les photographies pr\u00e9sentes sur le site https:\/\/melanie-joubert-photos.com\/ sont la propri\u00e9t\u00e9 exclusive de M\u00e9lanie Joubert. Elles ne sont pas libres de droit.<\/p>\n","protected":false},"excerpt":{"rendered":"<p>M\u00e9lanie Joubert Photos29100 DOUARNENEZ Directeur de la publication : M\u00e9lanie Joubert R\u00e9alisation : El\u00e9onore Taupin H\u00e9bergement : OVH08 203 203 63 Donn\u00e9es personnellesConform\u00e9ment aux dispositions de la Loi Informatique et Libert\u00e9s du 6 janvier 1978, vous b\u00e9n\u00e9ficiez d\u2019un droit d\u2019acc\u00e8s, de rectification ou d\u2019opposition sur les donn\u00e9es nominatives collect\u00e9es vous concernant. Ces droits peuvent \u00eatre [&hellip;]<\/p>\n","protected":false},"author":1,"featured_media":0,"parent":0,"menu_order":0,"comment_status":"closed","ping_status":"closed","template":"","meta":{"footnotes":""},"class_list":["post-48","page","type-page","status-publish","hentry"],"_links":{"self":[{"href":"https:\/\/melanie-joubert-photos.com\/index.php\/wp-json\/wp\/v2\/pages\/48","targetHints":{"allow":["GET"]}}],"collection":[{"href":"https:\/\/melanie-joubert-photos.com\/index.php\/wp-json\/wp\/v2\/pages"}],"about":[{"href":"https:\/\/melanie-joubert-photos.com\/index.php\/wp-json\/wp\/v2\/types\/page"}],"author":[{"embeddable":true,"href":"https:\/\/melanie-joubert-photos.com\/index.php\/wp-json\/wp\/v2\/users\/1"}],"replies":[{"embeddable":true,"href":"https:\/\/melanie-joubert-photos.com\/index.php\/wp-json\/wp\/v2\/comments?post=48"}],"version-history":[{"count":1,"href":"https:\/\/melanie-joubert-photos.com\/index.php\/wp-json\/wp\/v2\/pages\/48\/revisions"}],"predecessor-version":[{"id":49,"href":"https:\/\/melanie-joubert-photos.com\/index.php\/wp-json\/wp\/v2\/pages\/48\/revisions\/49"}],"wp:attachment":[{"href":"https:\/\/melanie-joubert-photos.com\/index.php\/wp-json\/wp\/v2\/media?parent=48"}],"curies":[{"name":"wp","href":"https:\/\/api.w.org\/{rel}","templated":true}]}}