{"id":18,"date":"2024-03-03T17:30:47","date_gmt":"2024-03-03T16:30:47","guid":{"rendered":"https:\/\/melanie-joubert-photos.com\/?page_id=18"},"modified":"2024-03-03T20:05:50","modified_gmt":"2024-03-03T19:05:50","slug":"publications","status":"publish","type":"page","link":"https:\/\/melanie-joubert-photos.com\/index.php\/publications\/","title":{"rendered":"Publications"},"content":{"rendered":"\n<div class=\"wp-block-group is-layout-constrained wp-block-group-is-layout-constrained\">\n<div class=\"wp-block-columns is-layout-flex wp-container-core-columns-is-layout-28f84493 wp-block-columns-is-layout-flex\">\n<div class=\"wp-block-column is-layout-flow wp-block-column-is-layout-flow\">\n<figure class=\"wp-block-image aligncenter size-full\"><img loading=\"lazy\" decoding=\"async\" width=\"500\" height=\"253\" src=\"http:\/\/melanie-joubert-photos.com\/wp-content\/uploads\/2024\/03\/334-golfe-2.png\" alt=\"\" class=\"wp-image-73\" srcset=\"https:\/\/melanie-joubert-photos.com\/wp-content\/uploads\/2024\/03\/334-golfe-2.png 500w, https:\/\/melanie-joubert-photos.com\/wp-content\/uploads\/2024\/03\/334-golfe-2-300x152.png 300w\" sizes=\"auto, (max-width: 500px) 100vw, 500px\" \/><\/figure>\n<\/div>\n\n\n\n<div class=\"wp-block-column is-vertically-aligned-center is-layout-flow wp-block-column-is-layout-flow\">\n<blockquote class=\"wp-block-quote has-text-align-left has-medium-font-size is-layout-flow wp-block-quote-is-layout-flow\">\n<h4 class=\"wp-block-heading\">Article (texte et photos) + couverture sur la Semaine du Golfe 2023<\/h4>\n<cite>Le Chasse-Mar\u00e9e n\u00b0334<\/cite><\/blockquote>\n<\/div>\n<\/div>\n\n\n\n<div class=\"wp-block-columns is-layout-flex wp-container-core-columns-is-layout-28f84493 wp-block-columns-is-layout-flex\">\n<div class=\"wp-block-column is-layout-flow wp-block-column-is-layout-flow\">\n<figure class=\"wp-block-image aligncenter size-full is-resized\"><img loading=\"lazy\" decoding=\"async\" width=\"500\" height=\"342\" src=\"https:\/\/melanie-joubert-photos.com\/wp-content\/uploads\/2024\/03\/hors-serie-patrimoine.png\" alt=\"\" class=\"wp-image-75\" style=\"width:418px;height:auto\" srcset=\"https:\/\/melanie-joubert-photos.com\/wp-content\/uploads\/2024\/03\/hors-serie-patrimoine.png 500w, https:\/\/melanie-joubert-photos.com\/wp-content\/uploads\/2024\/03\/hors-serie-patrimoine-300x205.png 300w\" sizes=\"auto, (max-width: 500px) 100vw, 500px\" \/><\/figure>\n<\/div>\n\n\n\n<div class=\"wp-block-column is-vertically-aligned-center is-layout-flow wp-block-column-is-layout-flow\">\n<blockquote class=\"wp-block-quote has-text-align-left has-medium-font-size is-layout-flow wp-block-quote-is-layout-flow\">\n<h4 class=\"wp-block-heading\">Hors-s\u00e9rie Monument Historique<\/h4>\n<cite>Ouest-France<\/cite><\/blockquote>\n<\/div>\n<\/div>\n\n\n\n<div class=\"wp-block-columns is-layout-flex wp-container-core-columns-is-layout-28f84493 wp-block-columns-is-layout-flex\">\n<div class=\"wp-block-column is-layout-flow wp-block-column-is-layout-flow\">\n<figure class=\"wp-block-image aligncenter size-full is-resized\"><img loading=\"lazy\" decoding=\"async\" width=\"300\" height=\"270\" src=\"http:\/\/melanie-joubert-photos.com\/wp-content\/uploads\/2024\/03\/calendriersMJ-300x270-1.png\" alt=\"\" class=\"wp-image-70\" style=\"width:358px;height:auto\"\/><\/figure>\n<\/div>\n\n\n\n<div class=\"wp-block-column is-vertically-aligned-center is-layout-flow wp-block-column-is-layout-flow\">\n<blockquote class=\"wp-block-quote has-text-align-left has-medium-font-size is-layout-flow wp-block-quote-is-layout-flow\">\n<h4 class=\"wp-block-heading\">Calendriers<\/h4>\n<cite>Le Chasse-Mar\u00e9e<\/cite><\/blockquote>\n<\/div>\n<\/div>\n\n\n\n<div class=\"wp-block-columns is-layout-flex wp-container-core-columns-is-layout-28f84493 wp-block-columns-is-layout-flex\">\n<div class=\"wp-block-column is-layout-flow wp-block-column-is-layout-flow\">\n<figure class=\"wp-block-image aligncenter size-full is-resized\"><img loading=\"lazy\" decoding=\"async\" width=\"387\" height=\"500\" src=\"https:\/\/melanie-joubert-photos.com\/wp-content\/uploads\/2024\/03\/hors-serie-HERMIONE.jpg\" alt=\"\" class=\"wp-image-76\" style=\"width:213px;height:auto\" srcset=\"https:\/\/melanie-joubert-photos.com\/wp-content\/uploads\/2024\/03\/hors-serie-HERMIONE.jpg 387w, https:\/\/melanie-joubert-photos.com\/wp-content\/uploads\/2024\/03\/hors-serie-HERMIONE-232x300.jpg 232w\" sizes=\"auto, (max-width: 387px) 100vw, 387px\" \/><\/figure>\n<\/div>\n\n\n\n<div class=\"wp-block-column is-vertically-aligned-center is-layout-flow wp-block-column-is-layout-flow\">\n<blockquote class=\"wp-block-quote has-text-align-left has-medium-font-size is-layout-flow wp-block-quote-is-layout-flow\">\n<h4 class=\"wp-block-heading\">Hors-s\u00e9rie L&rsquo;\u00e9pop\u00e9e de L&rsquo;Hermione, Couverture et reportage \u00e0 bord<\/h4>\n<cite>Ouest-France<\/cite><\/blockquote>\n<\/div>\n<\/div>\n\n\n\n<div class=\"wp-block-columns is-layout-flex wp-container-core-columns-is-layout-28f84493 wp-block-columns-is-layout-flex\">\n<div class=\"wp-block-column is-layout-flow wp-block-column-is-layout-flow\">\n<figure class=\"wp-block-image aligncenter size-full is-resized\"><img loading=\"lazy\" decoding=\"async\" width=\"452\" height=\"550\" src=\"https:\/\/melanie-joubert-photos.com\/wp-content\/uploads\/2024\/03\/264hp.png\" alt=\"\" class=\"wp-image-78\" style=\"width:236px;height:auto\" srcset=\"https:\/\/melanie-joubert-photos.com\/wp-content\/uploads\/2024\/03\/264hp.png 452w, https:\/\/melanie-joubert-photos.com\/wp-content\/uploads\/2024\/03\/264hp-247x300.png 247w\" sizes=\"auto, (max-width: 452px) 100vw, 452px\" \/><\/figure>\n<\/div>\n\n\n\n<div class=\"wp-block-column is-vertically-aligned-center is-layout-flow wp-block-column-is-layout-flow\">\n<blockquote class=\"wp-block-quote has-text-align-left has-medium-font-size is-layout-flow wp-block-quote-is-layout-flow\">\n<h4 class=\"wp-block-heading\">Couverture L&rsquo;Hermione<\/h4>\n<cite>Le Chasse-Mar\u00e9e n\u00b0264<\/cite><\/blockquote>\n<\/div>\n<\/div>\n<\/div>\n","protected":false},"excerpt":{"rendered":"<p>Article (texte et photos) + couverture sur la Semaine du Golfe 2023 Hors-s\u00e9rie Monument Historique Calendriers Hors-s\u00e9rie L&rsquo;\u00e9pop\u00e9e de L&rsquo;Hermione, Couverture et reportage \u00e0 bord Couverture L&rsquo;Hermione<\/p>\n","protected":false},"author":1,"featured_media":0,"parent":0,"menu_order":0,"comment_status":"closed","ping_status":"closed","template":"","meta":{"footnotes":""},"class_list":["post-18","page","type-page","status-publish","hentry"],"_links":{"self":[{"href":"https:\/\/melanie-joubert-photos.com\/index.php\/wp-json\/wp\/v2\/pages\/18","targetHints":{"allow":["GET"]}}],"collection":[{"href":"https:\/\/melanie-joubert-photos.com\/index.php\/wp-json\/wp\/v2\/pages"}],"about":[{"href":"https:\/\/melanie-joubert-photos.com\/index.php\/wp-json\/wp\/v2\/types\/page"}],"author":[{"embeddable":true,"href":"https:\/\/melanie-joubert-photos.com\/index.php\/wp-json\/wp\/v2\/users\/1"}],"replies":[{"embeddable":true,"href":"https:\/\/melanie-joubert-photos.com\/index.php\/wp-json\/wp\/v2\/comments?post=18"}],"version-history":[{"count":7,"href":"https:\/\/melanie-joubert-photos.com\/index.php\/wp-json\/wp\/v2\/pages\/18\/revisions"}],"predecessor-version":[{"id":85,"href":"https:\/\/melanie-joubert-photos.com\/index.php\/wp-json\/wp\/v2\/pages\/18\/revisions\/85"}],"wp:attachment":[{"href":"https:\/\/melanie-joubert-photos.com\/index.php\/wp-json\/wp\/v2\/media?parent=18"}],"curies":[{"name":"wp","href":"https:\/\/api.w.org\/{rel}","templated":true}]}}